{"id":646,"date":"2023-06-06T10:30:01","date_gmt":"2023-06-06T08:30:01","guid":{"rendered":"http:\/\/abe49.w4yserver.at\/?page_id=646"},"modified":"2023-06-19T12:42:10","modified_gmt":"2023-06-19T10:42:10","slug":"impressum","status":"publish","type":"page","link":"https:\/\/www.blumatix.com\/de\/impressum\/","title":{"rendered":"Impressum"},"content":{"rendered":"<div class=\"fusion-fullwidth fullwidth-box fusion-builder-row-1 fusion-flex-container nonhundred-percent-fullwidth non-hundred-percent-height-scrolling\" style=\"--awb-border-radius-top-left:0px;--awb-border-radius-top-right:0px;--awb-border-radius-bottom-right:0px;--awb-border-radius-bottom-left:0px;--awb-flex-wrap:wrap;\" ><div class=\"fusion-builder-row fusion-row fusion-flex-align-items-flex-start fusion-flex-content-wrap\" style=\"max-width:1216.8px;margin-left: calc(-4% \/ 2 );margin-right: calc(-4% \/ 2 );\"><div class=\"fusion-layout-column fusion_builder_column fusion-builder-column-0 fusion_builder_column_1_1 1_1 fusion-flex-column\" style=\"--awb-bg-size:cover;--awb-width-large:100%;--awb-margin-top-large:0px;--awb-spacing-right-large:1.92%;--awb-margin-bottom-large:20px;--awb-spacing-left-large:1.92%;--awb-width-medium:100%;--awb-order-medium:0;--awb-spacing-right-medium:1.92%;--awb-spacing-left-medium:1.92%;--awb-width-small:100%;--awb-order-small:0;--awb-spacing-right-small:1.92%;--awb-spacing-left-small:1.92%;\"><div class=\"fusion-column-wrapper fusion-column-has-shadow fusion-flex-justify-content-flex-start fusion-content-layout-column\"><div class=\"fusion-text fusion-text-1\"><h1 style=\"text-align: center;\">Impressum<\/h1>\n<p><strong>Blumatix Intelligence GmbH<\/strong><br \/>\n<strong>Schwarzstra\u00dfe 48<\/strong><br \/>\n<strong>5020 Salzburg &#8211; Austria<\/strong><\/p>\n<p><a href=\"tel:+43662243410\">T: +43.662.243410<\/a><br \/>\n<a href=\"mailto:office@blumatix.com\">office@blumatix.com<\/a><br \/>\n<a href=\"https:\/\/www.blumatix.com\">www.blumatix.com<\/a><\/p>\n<ul>\n<li><strong>Rechtsform:<\/strong> Gesellschaft mit beschr\u00e4nkter Haftung<\/li>\n<li><strong>Gesch\u00e4ftsf\u00fchrer:<\/strong> DI Martin Loiperdinger<\/li>\n<li><strong>Firmenbuch:<\/strong> 450980g, Landesgericht Salzburg<\/li>\n<li><strong>UID:<\/strong> ATU70948479<\/li>\n<\/ul>\n<p><strong>Beh\u00f6rde gem. ECG<br \/>\n<\/strong> Magistrat der Stadt Salzburg<\/p>\n<p><strong>Unternehmensgegenstand:<br \/>\n<\/strong>Dienstleistungen in der automatischen Datenverarbeitung und Informationstechnik<strong>, <\/strong>siehe <a href=\"https:\/\/www.ris.bka.gv.at\/GeltendeFassung.wxe?Abfrage=Bundesnormen&amp;Gesetzesnummer=10007517\" target=\"_blank\" rel=\"noopener\">Gewerbeordnung \u00a7153<\/a><strong><br \/>\n<\/strong><\/p>\n<p><strong>Mitglied der Wirtschaftskammer f\u00fcr Salzburg<\/strong><br \/>\nFachgruppe Unternehmensberatung &amp; Informationstechnologie<\/p>\n<p><strong>F\u00fcr den Inhalt verantwortlich:<\/strong> DI Martin Loiperdinger<\/p>\n<p><a href=\"\/dataprivacy\/\"><strong>Datenschutz<\/strong><\/a><\/p>\n<p>Bildnachweis: Blumatix Gmbh, istock.com (Fotos), <a href=\"http:\/\/www.istockphoto.com\/de\/portfolio\/coomeet-media?assettype=film&amp;sort=best\">istock.com<\/a> (Video)<\/p>\n<p><a href=\"https:\/\/www.interactmultimedia.at\" target=\"_blank\" rel=\"noopener\">Website und Online-Marketing: Webagentur interact!multimedia Salzburg &#8211; St. P\u00f6lten<\/a><\/p>\n<h3>Zul\u00e4ssige Nutzung der Website<\/h3>\n<p>Der gesamte Inhalt dieser Website mit all seinen Materialien (Texte, Bilder, Logos, Videos) sowie jegliches weitere zum Download zur Verf\u00fcgung gestellte Material unterliegt dem Schutz des Urheber- und\/oder Markenrechtes.<\/p>\n<p>Jede Verwendung oder Vervielf\u00e4ltigung der bereitgestellten Inhalte und Daten f\u00fcr andere Zwecke als der pers\u00f6nlichen Information erfordert die vorherige schriftliche Genehmigung.<\/p>\n<p>Eine Ausnahme gilt f\u00fcr journalistische Arbeit, hierf\u00fcr stehen die Inhalte f\u00fcr die redaktionelle T\u00e4tigkeit zur freien Verwendung &#8211; wir erbitten in diesem Fall ein Belegexemplar der journalistischen Arbeit bzw. einen Link auf die erstellte Publikation.<\/p>\n<h3>Gew\u00e4hrleistung und Haftung<\/h3>\n<p>Die Informationen auf dieser Webseite wurden mit gro\u00dfer Sorgfalt zusammengestellt. Wir \u00fcbernehmen jedoch keine Gew\u00e4hr f\u00fcr die Aktualit\u00e4t, Richtigkeit und Vollst\u00e4ndigkeit der auf der Webseite enthaltenen Informationen einschlie\u00dflich der technischen Angaben \u00fcber unsere Produkte und Leistungen. An den auf dieser Website pr\u00e4sentierten Produkten und Leistungen k\u00f6nnen sich zwischenzeitig \u00c4nderungen ergeben haben.<br \/>\nFotos unserer Produkte k\u00f6nnen auch Zubeh\u00f6r zeigen, das nicht zur jeweiligen Standardausf\u00fchrung bzw. zum Lieferumfang geh\u00f6rt. Der Download und die Nutzung von zur Verf\u00fcgung gestellten Dateien erfolgt auf eigene Gefahr des Websitebesuchers. Jegliche Haftung f\u00fcr hierdurch oder durch die weitere Verwendung entstandene direkte oder indirekte Sch\u00e4den wird ausgeschlossen. Dies schlie\u00dft auch Datenverlust und entgangenen Gewinn mit ein.<\/p>\n<\/div><\/div><\/div><\/div><\/div>\n","protected":false},"excerpt":{"rendered":"","protected":false},"author":2,"featured_media":0,"parent":0,"menu_order":9200,"comment_status":"closed","ping_status":"closed","template":"","meta":{"footnotes":""},"class_list":["post-646","page","type-page","status-publish","hentry","","de","wp-json","wp","v2","pages","646"],"yoast_head":"<!-- This site is optimized with the Yoast SEO plugin v27.2 - https:\/\/yoast.com\/product\/yoast-seo-wordpress\/ -->\n<title>Impressum - Blumatix Intelligence GmbH<\/title>\n<meta name=\"robots\" content=\"index, follow, max-snippet:-1, max-image-preview:large, max-video-preview:-1\" \/>\n<link rel=\"canonical\" href=\"https:\/\/www.blumatix.com\/de\/impressum\/\" \/>\n<meta property=\"og:locale\" content=\"de_DE\" \/>\n<meta property=\"og:type\" content=\"article\" \/>\n<meta property=\"og:title\" content=\"Impressum - Blumatix Intelligence GmbH\" \/>\n<meta property=\"og:url\" content=\"https:\/\/www.blumatix.com\/de\/impressum\/\" \/>\n<meta property=\"og:site_name\" content=\"Blumatix Intelligence GmbH\" \/>\n<meta property=\"article:modified_time\" content=\"2023-06-19T10:42:10+00:00\" \/>\n<meta name=\"twitter:card\" content=\"summary_large_image\" \/>\n<meta name=\"twitter:label1\" content=\"Gesch\u00e4tzte Lesezeit\" \/>\n\t<meta name=\"twitter:data1\" content=\"3\u00a0Minuten\" \/>\n<script type=\"application\/ld+json\" class=\"yoast-schema-graph\">{\"@context\":\"https:\/\/schema.org\",\"@graph\":[{\"@type\":\"WebPage\",\"@id\":\"https:\/\/www.blumatix.com\/de\/impressum\/\",\"url\":\"https:\/\/www.blumatix.com\/de\/impressum\/\",\"name\":\"Impressum - Blumatix Intelligence GmbH\",\"isPartOf\":{\"@id\":\"https:\/\/www.blumatix.com\/de\/#website\"},\"datePublished\":\"2023-06-06T08:30:01+00:00\",\"dateModified\":\"2023-06-19T10:42:10+00:00\",\"breadcrumb\":{\"@id\":\"https:\/\/www.blumatix.com\/de\/impressum\/#breadcrumb\"},\"inLanguage\":\"de\",\"potentialAction\":[{\"@type\":\"ReadAction\",\"target\":[\"https:\/\/www.blumatix.com\/de\/impressum\/\"]}]},{\"@type\":\"BreadcrumbList\",\"@id\":\"https:\/\/www.blumatix.com\/de\/impressum\/#breadcrumb\",\"itemListElement\":[{\"@type\":\"ListItem\",\"position\":1,\"name\":\"Startseite\",\"item\":\"https:\/\/www.blumatix.com\/de\/\"},{\"@type\":\"ListItem\",\"position\":2,\"name\":\"Impressum\"}]},{\"@type\":\"WebSite\",\"@id\":\"https:\/\/www.blumatix.com\/de\/#website\",\"url\":\"https:\/\/www.blumatix.com\/de\/\",\"name\":\"Blumatix Intelligence GmbH - K\u00fcnstliche Intelligenz f\u00fcr Dokumente\",\"description\":\"K\u00fcnstliche Intelligenz f\u00fcr einen weltweiten, nahtlosen Dokumentenaustausch zwischen Unternehmen\",\"publisher\":{\"@id\":\"https:\/\/www.blumatix.com\/de\/#organization\"},\"potentialAction\":[{\"@type\":\"SearchAction\",\"target\":{\"@type\":\"EntryPoint\",\"urlTemplate\":\"https:\/\/www.blumatix.com\/de\/?s={search_term_string}\"},\"query-input\":{\"@type\":\"PropertyValueSpecification\",\"valueRequired\":true,\"valueName\":\"search_term_string\"}}],\"inLanguage\":\"de\"},{\"@type\":\"Organization\",\"@id\":\"https:\/\/www.blumatix.com\/de\/#organization\",\"name\":\"Blumatix Intelligence GmbH\",\"url\":\"https:\/\/www.blumatix.com\/de\/\",\"logo\":{\"@type\":\"ImageObject\",\"inLanguage\":\"de\",\"@id\":\"https:\/\/www.blumatix.com\/de\/#\/schema\/logo\/image\/\",\"url\":\"https:\/\/www.blumatix.com\/wp-content\/uploads\/2023\/06\/Blumatix_logo_retina.gif\",\"contentUrl\":\"https:\/\/www.blumatix.com\/wp-content\/uploads\/2023\/06\/Blumatix_logo_retina.gif\",\"width\":592,\"height\":140,\"caption\":\"Blumatix Intelligence GmbH\"},\"image\":{\"@id\":\"https:\/\/www.blumatix.com\/de\/#\/schema\/logo\/image\/\"}}]}<\/script>\n<!-- \/ Yoast SEO plugin. -->","yoast_head_json":{"title":"Impressum - Blumatix Intelligence GmbH","robots":{"index":"index","follow":"follow","max-snippet":"max-snippet:-1","max-image-preview":"max-image-preview:large","max-video-preview":"max-video-preview:-1"},"canonical":"https:\/\/www.blumatix.com\/de\/impressum\/","og_locale":"de_DE","og_type":"article","og_title":"Impressum - Blumatix Intelligence GmbH","og_url":"https:\/\/www.blumatix.com\/de\/impressum\/","og_site_name":"Blumatix Intelligence GmbH","article_modified_time":"2023-06-19T10:42:10+00:00","twitter_card":"summary_large_image","twitter_misc":{"Gesch\u00e4tzte Lesezeit":"3\u00a0Minuten"},"schema":{"@context":"https:\/\/schema.org","@graph":[{"@type":"WebPage","@id":"https:\/\/www.blumatix.com\/de\/impressum\/","url":"https:\/\/www.blumatix.com\/de\/impressum\/","name":"Impressum - Blumatix Intelligence GmbH","isPartOf":{"@id":"https:\/\/www.blumatix.com\/de\/#website"},"datePublished":"2023-06-06T08:30:01+00:00","dateModified":"2023-06-19T10:42:10+00:00","breadcrumb":{"@id":"https:\/\/www.blumatix.com\/de\/impressum\/#breadcrumb"},"inLanguage":"de","potentialAction":[{"@type":"ReadAction","target":["https:\/\/www.blumatix.com\/de\/impressum\/"]}]},{"@type":"BreadcrumbList","@id":"https:\/\/www.blumatix.com\/de\/impressum\/#breadcrumb","itemListElement":[{"@type":"ListItem","position":1,"name":"Startseite","item":"https:\/\/www.blumatix.com\/de\/"},{"@type":"ListItem","position":2,"name":"Impressum"}]},{"@type":"WebSite","@id":"https:\/\/www.blumatix.com\/de\/#website","url":"https:\/\/www.blumatix.com\/de\/","name":"Blumatix Intelligence GmbH - K\u00fcnstliche Intelligenz f\u00fcr Dokumente","description":"K\u00fcnstliche Intelligenz f\u00fcr einen weltweiten, nahtlosen Dokumentenaustausch zwischen Unternehmen","publisher":{"@id":"https:\/\/www.blumatix.com\/de\/#organization"},"potentialAction":[{"@type":"SearchAction","target":{"@type":"EntryPoint","urlTemplate":"https:\/\/www.blumatix.com\/de\/?s={search_term_string}"},"query-input":{"@type":"PropertyValueSpecification","valueRequired":true,"valueName":"search_term_string"}}],"inLanguage":"de"},{"@type":"Organization","@id":"https:\/\/www.blumatix.com\/de\/#organization","name":"Blumatix Intelligence GmbH","url":"https:\/\/www.blumatix.com\/de\/","logo":{"@type":"ImageObject","inLanguage":"de","@id":"https:\/\/www.blumatix.com\/de\/#\/schema\/logo\/image\/","url":"https:\/\/www.blumatix.com\/wp-content\/uploads\/2023\/06\/Blumatix_logo_retina.gif","contentUrl":"https:\/\/www.blumatix.com\/wp-content\/uploads\/2023\/06\/Blumatix_logo_retina.gif","width":592,"height":140,"caption":"Blumatix Intelligence GmbH"},"image":{"@id":"https:\/\/www.blumatix.com\/de\/#\/schema\/logo\/image\/"}}]}},"_links":{"self":[{"href":"https:\/\/www.blumatix.com\/de\/wp-json\/wp\/v2\/pages\/646","targetHints":{"allow":["GET"]}}],"collection":[{"href":"https:\/\/www.blumatix.com\/de\/wp-json\/wp\/v2\/pages"}],"about":[{"href":"https:\/\/www.blumatix.com\/de\/wp-json\/wp\/v2\/types\/page"}],"author":[{"embeddable":true,"href":"https:\/\/www.blumatix.com\/de\/wp-json\/wp\/v2\/users\/2"}],"replies":[{"embeddable":true,"href":"https:\/\/www.blumatix.com\/de\/wp-json\/wp\/v2\/comments?post=646"}],"version-history":[{"count":0,"href":"https:\/\/www.blumatix.com\/de\/wp-json\/wp\/v2\/pages\/646\/revisions"}],"wp:attachment":[{"href":"https:\/\/www.blumatix.com\/de\/wp-json\/wp\/v2\/media?parent=646"}],"curies":[{"name":"wp","href":"https:\/\/api.w.org\/{rel}","templated":true}]}}