{"id":677,"date":"2023-06-06T17:02:10","date_gmt":"2023-06-06T15:02:10","guid":{"rendered":"http:\/\/abe49.w4yserver.at\/?page_id=677"},"modified":"2025-09-09T14:04:47","modified_gmt":"2025-09-09T12:04:47","slug":"jobs","status":"publish","type":"page","link":"https:\/\/www.blumatix.com\/de\/jobs\/","title":{"rendered":"Jobs bei Blumatix"},"content":{"rendered":"<p><div class=\"fusion-fullwidth fullwidth-box fusion-builder-row-1 fusion-flex-container has-pattern-background has-mask-background nonhundred-percent-fullwidth non-hundred-percent-height-scrolling\" style=\"--awb-background-position:center bottom;--awb-background-repeat:repeat-x;--awb-border-sizes-top:0px;--awb-border-sizes-bottom:0px;--awb-border-sizes-left:0px;--awb-border-sizes-right:0px;--awb-border-radius-top-left:0px;--awb-border-radius-top-right:0px;--awb-border-radius-bottom-right:0px;--awb-border-radius-bottom-left:0px;--awb-padding-top:60px;--awb-padding-bottom:60px;--awb-flex-wrap:wrap;\" ><div class=\"fusion-builder-row fusion-row fusion-flex-align-items-flex-start fusion-flex-justify-content-center fusion-flex-content-wrap\" style=\"max-width:1216.8px;margin-left: calc(-4% \/ 2 );margin-right: calc(-4% \/ 2 );\"><div class=\"fusion-layout-column fusion_builder_column fusion-builder-column-0 fusion_builder_column_1_1 1_1 fusion-flex-column fusion-flex-align-self-flex-start fusion-column-no-min-height\" style=\"--awb-bg-blend:overlay;--awb-bg-size:cover;--awb-width-large:100%;--awb-margin-top-large:0px;--awb-spacing-right-large:1.92%;--awb-margin-bottom-large:0px;--awb-spacing-left-large:1.92%;--awb-width-medium:100%;--awb-order-medium:0;--awb-spacing-right-medium:1.92%;--awb-spacing-left-medium:1.92%;--awb-width-small:100%;--awb-order-small:0;--awb-spacing-right-small:1.92%;--awb-spacing-left-small:1.92%;\" data-scroll-devices=\"small-visibility,medium-visibility,large-visibility\"><div class=\"fusion-column-wrapper fusion-column-has-shadow fusion-flex-justify-content-flex-start fusion-content-layout-column\"><div class=\"fusion-title title fusion-title-1 fusion-sep-none fusion-title-center fusion-title-text fusion-title-size-one\" style=\"--awb-margin-bottom:20px;\"><h1 class=\"fusion-title-heading title-heading-center fusion-responsive-typography-calculated\" style=\"margin:0;--fontSize:34;line-height:var(--awb-typography1-line-height);\">Jobs bei Blumatix<\/h1><\/div><\/div><\/div><\/div><\/div><div class=\"fusion-fullwidth fullwidth-box fusion-builder-row-2 fusion-flex-container has-pattern-background has-mask-background nonhundred-percent-fullwidth non-hundred-percent-height-scrolling ausblenden\" style=\"--awb-border-radius-top-left:0px;--awb-border-radius-top-right:0px;--awb-border-radius-bottom-right:0px;--awb-border-radius-bottom-left:0px;--awb-padding-bottom:80px;--awb-flex-wrap:wrap;\" ><div class=\"fusion-builder-row fusion-row fusion-flex-align-items-flex-start fusion-flex-justify-content-center fusion-flex-content-wrap\" style=\"max-width:1216.8px;margin-left: calc(-4% \/ 2 );margin-right: calc(-4% \/ 2 );\"><div class=\"fusion-layout-column fusion_builder_column fusion-builder-column-1 fusion_builder_column_2_3 2_3 fusion-flex-column\" style=\"--awb-bg-size:cover;--awb-width-large:66.666666666667%;--awb-margin-top-large:0px;--awb-spacing-right-large:2.88%;--awb-margin-bottom-large:20px;--awb-spacing-left-large:2.88%;--awb-width-medium:100%;--awb-order-medium:0;--awb-spacing-right-medium:1.92%;--awb-spacing-left-medium:1.92%;--awb-width-small:100%;--awb-order-small:0;--awb-spacing-right-small:1.92%;--awb-spacing-left-small:1.92%;\" data-scroll-devices=\"small-visibility,medium-visibility,large-visibility\"><div class=\"fusion-column-wrapper fusion-column-has-shadow fusion-flex-justify-content-flex-start fusion-content-layout-column\"><div class=\"fusion-text fusion-text-1\"><h2>Dein Talent passt nicht in eine Schublade? Perfekt \u2013 unseres auch nicht.<\/h2>\n<p>Gerade haben wir keine offene Stelle ausgeschrieben \u2013 aber das hei\u00dft nicht, dass wir nicht nach au\u00dfergew\u00f6hnlichen Menschen suchen. Wenn du Lust hast, mit uns die Zukunft von IT &amp; KI zu gestalten, freuen wir uns \u00fcber deine Nachricht.<\/p>\n<p><strong>Sag uns, wer du bist, was dich antreibt und wie du die digitale Welt mit uns ver\u00e4ndern willst! Wir sind gespannt!<\/strong><\/p>\n<\/div><div style=\"text-align:center;\"><a class=\"fusion-button button-flat button-xlarge button-default fusion-button-default button-1 fusion-button-default-span fusion-button-default-type\" target=\"_self\" href=\"mailto:office@blumatix.com\"><i class=\"fa-paper-plane fas awb-button__icon awb-button__icon--default button-icon-left\" aria-hidden=\"true\"><\/i><span class=\"fusion-button-text awb-button__text awb-button__text--default\">Schreib uns!<\/span><\/a><\/div><\/div><\/div><\/div><\/div><div class=\"fusion-fullwidth fullwidth-box fusion-builder-row-3 fusion-flex-container has-pattern-background has-mask-background nonhundred-percent-fullwidth non-hundred-percent-height-scrolling\" style=\"--awb-border-radius-top-left:0px;--awb-border-radius-top-right:0px;--awb-border-radius-bottom-right:0px;--awb-border-radius-bottom-left:0px;--awb-flex-wrap:wrap;\" ><div class=\"fusion-builder-row fusion-row fusion-flex-align-items-flex-start fusion-flex-justify-content-center fusion-flex-content-wrap\" style=\"max-width:1216.8px;margin-left: calc(-4% \/ 2 );margin-right: calc(-4% \/ 2 );\"><div class=\"fusion-layout-column fusion_builder_column fusion-builder-column-2 fusion_builder_column_1_2 1_2 fusion-flex-column\" style=\"--awb-bg-size:cover;--awb-width-large:50%;--awb-margin-top-large:0px;--awb-spacing-right-large:3.84%;--awb-margin-bottom-large:20px;--awb-spacing-left-large:3.84%;--awb-width-medium:100%;--awb-order-medium:0;--awb-spacing-right-medium:1.92%;--awb-spacing-left-medium:1.92%;--awb-width-small:100%;--awb-order-small:0;--awb-spacing-right-small:1.92%;--awb-spacing-left-small:1.92%;\" data-scroll-devices=\"small-visibility,medium-visibility,large-visibility\"><div class=\"fusion-column-wrapper fusion-column-has-shadow fusion-flex-justify-content-flex-start fusion-content-layout-column\"><div class=\"fusion-text fusion-text-2\"><h2>Wir suchen neue Teammitglieder<\/h2>\n<ul>\n<li><a href=\"\/wp-content\/uploads\/2025\/09\/BusinessGrowthManager-1.pdf\" target=\"_blank\" rel=\"noopener\">Business Growth Manager (m\/w\/x)<\/a><\/li>\n<\/ul>\n<\/div><\/div><\/div><div class=\"fusion-layout-column fusion_builder_column fusion-builder-column-3 fusion_builder_column_2_3 2_3 fusion-flex-column\" style=\"--awb-bg-size:cover;--awb-width-large:66.666666666667%;--awb-margin-top-large:0px;--awb-spacing-right-large:2.88%;--awb-margin-bottom-large:20px;--awb-spacing-left-large:2.88%;--awb-width-medium:100%;--awb-order-medium:0;--awb-spacing-right-medium:1.92%;--awb-spacing-left-medium:1.92%;--awb-width-small:100%;--awb-order-small:0;--awb-spacing-right-small:1.92%;--awb-spacing-left-small:1.92%;\"><div class=\"fusion-column-wrapper fusion-column-has-shadow fusion-flex-justify-content-flex-start fusion-content-layout-column\"><div class=\"fusion-text fusion-text-3\"><p><strong>Unsere Team Mitglieder sch\u00e4tzen bei uns:<\/strong><\/p>\n<\/div><ul style=\"--awb-size:22px;--awb-textcolor:var(--awb-color6);--awb-line-height:37.4px;--awb-icon-width:37.4px;--awb-icon-height:37.4px;--awb-icon-margin:15.4px;--awb-content-margin:52.8px;--awb-circlecolor:var(--awb-color5);--awb-circle-yes-font-size:19.36px;\" class=\"fusion-checklist fusion-checklist-1 fusion-checklist-default type-icons\"><li class=\"fusion-li-item\" style=\"\"><span class=\"icon-wrapper circle-yes\"><i class=\"fusion-li-icon fa-user-clock fas\" aria-hidden=\"true\"><\/i><\/span><div class=\"fusion-li-item-content\">\n<p>Flexibilit\u00e4t in der Zeiteinteilung<\/p>\n<\/div><\/li><li class=\"fusion-li-item\" style=\"\"><span class=\"icon-wrapper circle-yes\"><i class=\"fusion-li-icon fa-calendar-alt fas\" aria-hidden=\"true\"><\/i><\/span><div class=\"fusion-li-item-content\">\n<p>Flexibilit\u00e4t bei der Anzahl an Stunden, die man im Monat arbeitet<\/p>\n<\/div><\/li><li class=\"fusion-li-item\" style=\"\"><span class=\"icon-wrapper circle-yes\"><i class=\"fusion-li-icon fa-users fas\" aria-hidden=\"true\"><\/i><\/span><div class=\"fusion-li-item-content\">\n<p>Familienfreundlichkeit<\/p>\n<\/div><\/li><li class=\"fusion-li-item\" style=\"\"><span class=\"icon-wrapper circle-yes\"><i class=\"fusion-li-icon fa-smile fas\" aria-hidden=\"true\"><\/i><\/span><div class=\"fusion-li-item-content\">\n<p>Spa\u00df in und an der Arbeit<\/p>\n<\/div><\/li><li class=\"fusion-li-item\" style=\"\"><span class=\"icon-wrapper circle-yes\"><i class=\"fusion-li-icon fa-apple-alt fas\" aria-hidden=\"true\"><\/i><\/span><div class=\"fusion-li-item-content\">\n<p>Frisches Bio Obst und Bioprodukte f\u00fcr die kleine Jause<\/p>\n<\/div><\/li><li class=\"fusion-li-item\" style=\"\"><span class=\"icon-wrapper circle-yes\"><i class=\"fusion-li-icon fa-pizza-slice fas\" aria-hidden=\"true\"><\/i><\/span><div class=\"fusion-li-item-content\">\n<p>Sprint Starter Pizza<\/p>\n<\/div><\/li><li class=\"fusion-li-item\" style=\"\"><span class=\"icon-wrapper circle-yes\"><i class=\"fusion-li-icon fa-table-tennis fas\" aria-hidden=\"true\"><\/i><\/span><div class=\"fusion-li-item-content\">\n<p>Tischtennis und Kicker-Spiele<\/p>\n<\/div><\/li><li class=\"fusion-li-item\" style=\"\"><span class=\"icon-wrapper circle-yes\"><i class=\"fusion-li-icon fa-coffee fas\" aria-hidden=\"true\"><\/i><\/span><div class=\"fusion-li-item-content\">\n<p>Kostenloser Sodastream, Tee und Kaffee<\/p>\n<\/div><\/li><li class=\"fusion-li-item\" style=\"\"><span class=\"icon-wrapper circle-yes\"><i class=\"fusion-li-icon fa-glass-cheers fas\" aria-hidden=\"true\"><\/i><\/span><div class=\"fusion-li-item-content\">\n<p>Regelm\u00e4\u00dfige Events<\/p>\n<\/div><\/li><li class=\"fusion-li-item\" style=\"\"><span class=\"icon-wrapper circle-yes\"><i class=\"fusion-li-icon fa-bicycle fas\" aria-hidden=\"true\"><\/i><\/span><div class=\"fusion-li-item-content\">\n<p>Firmenradl<\/p>\n<\/div><\/li><\/ul><div class=\"fusion-text fusion-text-4\" style=\"--awb-margin-top:20px;\"><p><strong>Interesse?<\/strong><\/p>\n<p>Schreib uns bitte gemeinsam mit deinem Lebenslauf, warum du gerne bei uns arbeiten m\u00f6chtest an <strong><a href=\"mailto:office@blumatix.com?subject=bewerbung\">office@blumatix.com<\/a><\/strong>.<\/p>\n<\/div><\/div><\/div><\/div><\/div><\/p>\n","protected":false},"excerpt":{"rendered":"","protected":false},"author":2,"featured_media":0,"parent":0,"menu_order":2000,"comment_status":"closed","ping_status":"closed","template":"100-width.php","meta":{"footnotes":""},"class_list":["post-677","page","type-page","status-publish","hentry","","de","wp-json","wp","v2","pages","677"],"yoast_head":"<!-- This site is optimized with the Yoast SEO plugin v27.2 - https:\/\/yoast.com\/product\/yoast-seo-wordpress\/ -->\n<title>Jobs bei Blumatix - Blumatix Intelligence GmbH<\/title>\n<meta name=\"robots\" content=\"index, follow, max-snippet:-1, max-image-preview:large, max-video-preview:-1\" \/>\n<link rel=\"canonical\" href=\"https:\/\/www.blumatix.com\/de\/jobs\/\" \/>\n<meta property=\"og:locale\" content=\"de_DE\" \/>\n<meta property=\"og:type\" content=\"article\" \/>\n<meta property=\"og:title\" content=\"Jobs bei Blumatix - Blumatix Intelligence GmbH\" \/>\n<meta property=\"og:url\" content=\"https:\/\/www.blumatix.com\/de\/jobs\/\" \/>\n<meta property=\"og:site_name\" content=\"Blumatix Intelligence GmbH\" \/>\n<meta property=\"article:modified_time\" content=\"2025-09-09T12:04:47+00:00\" \/>\n<meta name=\"twitter:card\" content=\"summary_large_image\" \/>\n<meta name=\"twitter:label1\" content=\"Gesch\u00e4tzte Lesezeit\" \/>\n\t<meta name=\"twitter:data1\" content=\"1\u00a0Minute\" \/>\n<script type=\"application\/ld+json\" class=\"yoast-schema-graph\">{\"@context\":\"https:\/\/schema.org\",\"@graph\":[{\"@type\":\"WebPage\",\"@id\":\"https:\/\/www.blumatix.com\/de\/jobs\/\",\"url\":\"https:\/\/www.blumatix.com\/de\/jobs\/\",\"name\":\"Jobs bei Blumatix - Blumatix Intelligence GmbH\",\"isPartOf\":{\"@id\":\"https:\/\/www.blumatix.com\/de\/#website\"},\"datePublished\":\"2023-06-06T15:02:10+00:00\",\"dateModified\":\"2025-09-09T12:04:47+00:00\",\"breadcrumb\":{\"@id\":\"https:\/\/www.blumatix.com\/de\/jobs\/#breadcrumb\"},\"inLanguage\":\"de\",\"potentialAction\":[{\"@type\":\"ReadAction\",\"target\":[\"https:\/\/www.blumatix.com\/de\/jobs\/\"]}]},{\"@type\":\"BreadcrumbList\",\"@id\":\"https:\/\/www.blumatix.com\/de\/jobs\/#breadcrumb\",\"itemListElement\":[{\"@type\":\"ListItem\",\"position\":1,\"name\":\"Startseite\",\"item\":\"https:\/\/www.blumatix.com\/de\/\"},{\"@type\":\"ListItem\",\"position\":2,\"name\":\"Jobs bei Blumatix\"}]},{\"@type\":\"WebSite\",\"@id\":\"https:\/\/www.blumatix.com\/de\/#website\",\"url\":\"https:\/\/www.blumatix.com\/de\/\",\"name\":\"Blumatix Intelligence GmbH - K\u00fcnstliche Intelligenz f\u00fcr Dokumente\",\"description\":\"K\u00fcnstliche Intelligenz f\u00fcr einen weltweiten, nahtlosen Dokumentenaustausch zwischen Unternehmen\",\"publisher\":{\"@id\":\"https:\/\/www.blumatix.com\/de\/#organization\"},\"potentialAction\":[{\"@type\":\"SearchAction\",\"target\":{\"@type\":\"EntryPoint\",\"urlTemplate\":\"https:\/\/www.blumatix.com\/de\/?s={search_term_string}\"},\"query-input\":{\"@type\":\"PropertyValueSpecification\",\"valueRequired\":true,\"valueName\":\"search_term_string\"}}],\"inLanguage\":\"de\"},{\"@type\":\"Organization\",\"@id\":\"https:\/\/www.blumatix.com\/de\/#organization\",\"name\":\"Blumatix Intelligence GmbH\",\"url\":\"https:\/\/www.blumatix.com\/de\/\",\"logo\":{\"@type\":\"ImageObject\",\"inLanguage\":\"de\",\"@id\":\"https:\/\/www.blumatix.com\/de\/#\/schema\/logo\/image\/\",\"url\":\"https:\/\/www.blumatix.com\/wp-content\/uploads\/2023\/06\/Blumatix_logo_retina.gif\",\"contentUrl\":\"https:\/\/www.blumatix.com\/wp-content\/uploads\/2023\/06\/Blumatix_logo_retina.gif\",\"width\":592,\"height\":140,\"caption\":\"Blumatix Intelligence GmbH\"},\"image\":{\"@id\":\"https:\/\/www.blumatix.com\/de\/#\/schema\/logo\/image\/\"}}]}<\/script>\n<!-- \/ Yoast SEO plugin. -->","yoast_head_json":{"title":"Jobs bei Blumatix - Blumatix Intelligence GmbH","robots":{"index":"index","follow":"follow","max-snippet":"max-snippet:-1","max-image-preview":"max-image-preview:large","max-video-preview":"max-video-preview:-1"},"canonical":"https:\/\/www.blumatix.com\/de\/jobs\/","og_locale":"de_DE","og_type":"article","og_title":"Jobs bei Blumatix - Blumatix Intelligence GmbH","og_url":"https:\/\/www.blumatix.com\/de\/jobs\/","og_site_name":"Blumatix Intelligence GmbH","article_modified_time":"2025-09-09T12:04:47+00:00","twitter_card":"summary_large_image","twitter_misc":{"Gesch\u00e4tzte Lesezeit":"1\u00a0Minute"},"schema":{"@context":"https:\/\/schema.org","@graph":[{"@type":"WebPage","@id":"https:\/\/www.blumatix.com\/de\/jobs\/","url":"https:\/\/www.blumatix.com\/de\/jobs\/","name":"Jobs bei Blumatix - Blumatix Intelligence GmbH","isPartOf":{"@id":"https:\/\/www.blumatix.com\/de\/#website"},"datePublished":"2023-06-06T15:02:10+00:00","dateModified":"2025-09-09T12:04:47+00:00","breadcrumb":{"@id":"https:\/\/www.blumatix.com\/de\/jobs\/#breadcrumb"},"inLanguage":"de","potentialAction":[{"@type":"ReadAction","target":["https:\/\/www.blumatix.com\/de\/jobs\/"]}]},{"@type":"BreadcrumbList","@id":"https:\/\/www.blumatix.com\/de\/jobs\/#breadcrumb","itemListElement":[{"@type":"ListItem","position":1,"name":"Startseite","item":"https:\/\/www.blumatix.com\/de\/"},{"@type":"ListItem","position":2,"name":"Jobs bei Blumatix"}]},{"@type":"WebSite","@id":"https:\/\/www.blumatix.com\/de\/#website","url":"https:\/\/www.blumatix.com\/de\/","name":"Blumatix Intelligence GmbH - K\u00fcnstliche Intelligenz f\u00fcr Dokumente","description":"K\u00fcnstliche Intelligenz f\u00fcr einen weltweiten, nahtlosen Dokumentenaustausch zwischen Unternehmen","publisher":{"@id":"https:\/\/www.blumatix.com\/de\/#organization"},"potentialAction":[{"@type":"SearchAction","target":{"@type":"EntryPoint","urlTemplate":"https:\/\/www.blumatix.com\/de\/?s={search_term_string}"},"query-input":{"@type":"PropertyValueSpecification","valueRequired":true,"valueName":"search_term_string"}}],"inLanguage":"de"},{"@type":"Organization","@id":"https:\/\/www.blumatix.com\/de\/#organization","name":"Blumatix Intelligence GmbH","url":"https:\/\/www.blumatix.com\/de\/","logo":{"@type":"ImageObject","inLanguage":"de","@id":"https:\/\/www.blumatix.com\/de\/#\/schema\/logo\/image\/","url":"https:\/\/www.blumatix.com\/wp-content\/uploads\/2023\/06\/Blumatix_logo_retina.gif","contentUrl":"https:\/\/www.blumatix.com\/wp-content\/uploads\/2023\/06\/Blumatix_logo_retina.gif","width":592,"height":140,"caption":"Blumatix Intelligence GmbH"},"image":{"@id":"https:\/\/www.blumatix.com\/de\/#\/schema\/logo\/image\/"}}]}},"_links":{"self":[{"href":"https:\/\/www.blumatix.com\/de\/wp-json\/wp\/v2\/pages\/677","targetHints":{"allow":["GET"]}}],"collection":[{"href":"https:\/\/www.blumatix.com\/de\/wp-json\/wp\/v2\/pages"}],"about":[{"href":"https:\/\/www.blumatix.com\/de\/wp-json\/wp\/v2\/types\/page"}],"author":[{"embeddable":true,"href":"https:\/\/www.blumatix.com\/de\/wp-json\/wp\/v2\/users\/2"}],"replies":[{"embeddable":true,"href":"https:\/\/www.blumatix.com\/de\/wp-json\/wp\/v2\/comments?post=677"}],"version-history":[{"count":0,"href":"https:\/\/www.blumatix.com\/de\/wp-json\/wp\/v2\/pages\/677\/revisions"}],"wp:attachment":[{"href":"https:\/\/www.blumatix.com\/de\/wp-json\/wp\/v2\/media?parent=677"}],"curies":[{"name":"wp","href":"https:\/\/api.w.org\/{rel}","templated":true}]}}