{"id":680,"date":"2023-06-06T17:04:19","date_gmt":"2023-06-06T15:04:19","guid":{"rendered":"http:\/\/abe49.w4yserver.at\/?page_id=680"},"modified":"2023-06-19T14:15:09","modified_gmt":"2023-06-19T12:15:09","slug":"ueber-blumatix-intelligence","status":"publish","type":"page","link":"https:\/\/www.blumatix.com\/de\/ueber-blumatix-intelligence\/","title":{"rendered":"\u00dcber Blumatix Intelligence"},"content":{"rendered":"<div class=\"fusion-fullwidth fullwidth-box fusion-builder-row-1 fusion-flex-container has-pattern-background has-mask-background nonhundred-percent-fullwidth non-hundred-percent-height-scrolling\" style=\"--awb-background-position:center bottom;--awb-background-repeat:repeat-x;--awb-border-sizes-top:0px;--awb-border-sizes-bottom:0px;--awb-border-sizes-left:0px;--awb-border-sizes-right:0px;--awb-border-radius-top-left:0px;--awb-border-radius-top-right:0px;--awb-border-radius-bottom-right:0px;--awb-border-radius-bottom-left:0px;--awb-padding-top:60px;--awb-padding-bottom:60px;--awb-background-color:var(--awb-color1);--awb-flex-wrap:wrap;\" ><div class=\"fusion-builder-row fusion-row fusion-flex-align-items-flex-start fusion-flex-justify-content-center fusion-flex-content-wrap\" style=\"max-width:1216.8px;margin-left: calc(-4% \/ 2 );margin-right: calc(-4% \/ 2 );\"><div class=\"fusion-layout-column fusion_builder_column fusion-builder-column-0 fusion_builder_column_2_3 2_3 fusion-flex-column fusion-flex-align-self-flex-start fusion-column-no-min-height\" style=\"--awb-bg-blend:overlay;--awb-bg-size:cover;--awb-width-large:66.666666666667%;--awb-margin-top-large:0px;--awb-spacing-right-large:2.88%;--awb-margin-bottom-large:60px;--awb-spacing-left-large:2.88%;--awb-width-medium:100%;--awb-spacing-right-medium:1.92%;--awb-spacing-left-medium:1.92%;--awb-width-small:100%;--awb-spacing-right-small:1.92%;--awb-spacing-left-small:1.92%;\"><div class=\"fusion-column-wrapper fusion-flex-justify-content-flex-start fusion-content-layout-column\"><div class=\"fusion-title title fusion-title-1 fusion-sep-none fusion-title-center fusion-title-text fusion-title-size-one\" style=\"--awb-margin-bottom:20px;\"><h1 class=\"fusion-title-heading title-heading-center fusion-responsive-typography-calculated\" style=\"margin:0;--fontSize:34;line-height:var(--awb-typography1-line-height);\">\u00dcber Blumatix Intelligence<\/h1><\/div><div class=\"fusion-text fusion-text-1\"><p>Die Blumatix Intelligence GmbH ist ein Hersteller von K\u00fcnstlicher Intelligenz f\u00fcr Dokumente. Wir denken dabei die Verarbeitung von Dokumenten neu, sind st\u00e4ndig am Puls der Zeit und nehmen neueste Forschungsergebnisse aus dem Bereich K\u00fcnstliche Intelligenz in unsere Produktentwicklung auf.<\/p>\n<\/div><div style=\"text-align:center;\"><a class=\"fusion-button button-flat button-xlarge button-default fusion-button-default button-1 fusion-button-default-span fusion-button-default-type\" target=\"_blank\" rel=\"noopener noreferrer\" href=\"https:\/\/www.bludelta.de\"><span class=\"fusion-button-text awb-button__text awb-button__text--default\">Zur BLU DELTA Dokumenten- und Rechnungserfassung<\/span><\/a><\/div><\/div><\/div><div class=\"fusion-layout-column fusion_builder_column fusion-builder-column-1 fusion_builder_column_2_3 2_3 fusion-flex-column fusion-flex-align-self-flex-start fusion-column-no-min-height\" style=\"--awb-bg-blend:overlay;--awb-bg-size:cover;--awb-width-large:66.666666666667%;--awb-margin-top-large:0px;--awb-spacing-right-large:2.88%;--awb-margin-bottom-large:0px;--awb-spacing-left-large:2.88%;--awb-width-medium:100%;--awb-order-medium:0;--awb-spacing-right-medium:1.92%;--awb-spacing-left-medium:1.92%;--awb-width-small:100%;--awb-order-small:0;--awb-spacing-right-small:1.92%;--awb-spacing-left-small:1.92%;\" data-scroll-devices=\"small-visibility,medium-visibility,large-visibility\"><div class=\"fusion-column-wrapper fusion-column-has-shadow fusion-flex-justify-content-flex-start fusion-content-layout-column\"><div class=\"fusion-title title fusion-title-2 fusion-sep-none fusion-title-center fusion-title-text fusion-title-size-two\" style=\"--awb-margin-bottom:20px;\"><h2 class=\"fusion-title-heading title-heading-center fusion-responsive-typography-calculated\" style=\"margin:0;--fontSize:30;--minFontSize:30;line-height:1.5;\">Unser Team<\/h2><\/div><\/div><\/div><div class=\"fusion-layout-column fusion_builder_column fusion-builder-column-2 fusion_builder_column_1_2 1_2 fusion-flex-column\" style=\"--awb-bg-size:cover;--awb-width-large:50%;--awb-margin-top-large:0px;--awb-spacing-right-large:0px;--awb-margin-bottom-large:20px;--awb-spacing-left-large:0px;--awb-width-medium:100%;--awb-order-medium:0;--awb-spacing-right-medium:1.92%;--awb-spacing-left-medium:1.92%;--awb-width-small:100%;--awb-order-small:0;--awb-spacing-right-small:1.92%;--awb-spacing-left-small:1.92%;\" data-scroll-devices=\"small-visibility,medium-visibility,large-visibility\"><div class=\"fusion-column-wrapper fusion-column-has-shadow fusion-flex-justify-content-flex-start fusion-content-layout-column\"><div class=\"fusion-image-element \" style=\"--awb-caption-title-font-family:var(--h2_typography-font-family);--awb-caption-title-font-weight:var(--h2_typography-font-weight);--awb-caption-title-font-style:var(--h2_typography-font-style);--awb-caption-title-size:var(--h2_typography-font-size);--awb-caption-title-transform:var(--h2_typography-text-transform);--awb-caption-title-line-height:var(--h2_typography-line-height);--awb-caption-title-letter-spacing:var(--h2_typography-letter-spacing);\"><span class=\" fusion-imageframe imageframe-none imageframe-1 hover-type-none fusion-animated\" data-animationType=\"slideInLeft\" data-animationDuration=\"1.0\" data-animationDelay=\"0.2\" data-animationOffset=\"top-into-view\"><img decoding=\"async\" width=\"960\" height=\"782\" src=\"https:\/\/www.blumatix.com\/wp-content\/uploads\/2023\/06\/team1.jpg\" data-orig-src=\"https:\/\/www.blumatix.com\/wp-content\/uploads\/2023\/06\/team1.jpg\" alt class=\"lazyload img-responsive wp-image-588\" srcset=\"data:image\/svg+xml,%3Csvg%20xmlns%3D%27http%3A%2F%2Fwww.w3.org%2F2000%2Fsvg%27%20width%3D%27960%27%20height%3D%27782%27%20viewBox%3D%270%200%20960%20782%27%3E%3Crect%20width%3D%27960%27%20height%3D%27782%27%20fill-opacity%3D%220%22%2F%3E%3C%2Fsvg%3E\" data-srcset=\"https:\/\/www.blumatix.com\/wp-content\/uploads\/2023\/06\/team1-200x163.jpg 200w, https:\/\/www.blumatix.com\/wp-content\/uploads\/2023\/06\/team1-400x326.jpg 400w, https:\/\/www.blumatix.com\/wp-content\/uploads\/2023\/06\/team1-600x489.jpg 600w, https:\/\/www.blumatix.com\/wp-content\/uploads\/2023\/06\/team1-800x652.jpg 800w, https:\/\/www.blumatix.com\/wp-content\/uploads\/2023\/06\/team1.jpg 960w\" data-sizes=\"auto\" data-orig-sizes=\"(max-width: 1024px) 100vw, (max-width: 640px) 100vw, 600px\" \/><\/span><\/div><\/div><\/div><div class=\"fusion-layout-column fusion_builder_column fusion-builder-column-3 fusion_builder_column_1_2 1_2 fusion-flex-column\" style=\"--awb-bg-size:cover;--awb-width-large:50%;--awb-margin-top-large:0px;--awb-spacing-right-large:0px;--awb-margin-bottom-large:20px;--awb-spacing-left-large:0px;--awb-width-medium:100%;--awb-order-medium:0;--awb-spacing-right-medium:1.92%;--awb-spacing-left-medium:1.92%;--awb-width-small:100%;--awb-order-small:0;--awb-spacing-right-small:1.92%;--awb-spacing-left-small:1.92%;\" data-scroll-devices=\"small-visibility,medium-visibility,large-visibility\"><div class=\"fusion-column-wrapper fusion-column-has-shadow fusion-flex-justify-content-flex-start fusion-content-layout-column\"><div class=\"fusion-image-element \" style=\"--awb-caption-title-font-family:var(--h2_typography-font-family);--awb-caption-title-font-weight:var(--h2_typography-font-weight);--awb-caption-title-font-style:var(--h2_typography-font-style);--awb-caption-title-size:var(--h2_typography-font-size);--awb-caption-title-transform:var(--h2_typography-text-transform);--awb-caption-title-line-height:var(--h2_typography-line-height);--awb-caption-title-letter-spacing:var(--h2_typography-letter-spacing);\"><span class=\" fusion-imageframe imageframe-none imageframe-2 hover-type-none fusion-animated\" data-animationType=\"slideInRight\" data-animationDuration=\"1.0\" data-animationDelay=\"0.2\" data-animationOffset=\"top-into-view\"><img decoding=\"async\" width=\"960\" height=\"782\" src=\"https:\/\/www.blumatix.com\/wp-content\/uploads\/2023\/06\/team2.jpg\" data-orig-src=\"https:\/\/www.blumatix.com\/wp-content\/uploads\/2023\/06\/team2.jpg\" alt class=\"lazyload img-responsive wp-image-589\" srcset=\"data:image\/svg+xml,%3Csvg%20xmlns%3D%27http%3A%2F%2Fwww.w3.org%2F2000%2Fsvg%27%20width%3D%27960%27%20height%3D%27782%27%20viewBox%3D%270%200%20960%20782%27%3E%3Crect%20width%3D%27960%27%20height%3D%27782%27%20fill-opacity%3D%220%22%2F%3E%3C%2Fsvg%3E\" data-srcset=\"https:\/\/www.blumatix.com\/wp-content\/uploads\/2023\/06\/team2-200x163.jpg 200w, https:\/\/www.blumatix.com\/wp-content\/uploads\/2023\/06\/team2-400x326.jpg 400w, https:\/\/www.blumatix.com\/wp-content\/uploads\/2023\/06\/team2-600x489.jpg 600w, https:\/\/www.blumatix.com\/wp-content\/uploads\/2023\/06\/team2-800x652.jpg 800w, https:\/\/www.blumatix.com\/wp-content\/uploads\/2023\/06\/team2.jpg 960w\" data-sizes=\"auto\" data-orig-sizes=\"(max-width: 1024px) 100vw, (max-width: 640px) 100vw, 600px\" \/><\/span><\/div><\/div><\/div><div class=\"fusion-layout-column fusion_builder_column fusion-builder-column-4 fusion_builder_column_2_3 2_3 fusion-flex-column fusion-flex-align-self-flex-start fusion-column-no-min-height\" style=\"--awb-bg-blend:overlay;--awb-bg-size:cover;--awb-width-large:66.666666666667%;--awb-margin-top-large:0px;--awb-spacing-right-large:2.88%;--awb-margin-bottom-large:60px;--awb-spacing-left-large:2.88%;--awb-width-medium:100%;--awb-spacing-right-medium:1.92%;--awb-spacing-left-medium:1.92%;--awb-width-small:100%;--awb-spacing-right-small:1.92%;--awb-spacing-left-small:1.92%;\"><div class=\"fusion-column-wrapper fusion-flex-justify-content-flex-start fusion-content-layout-column\"><div class=\"fusion-text fusion-text-2\"><h3>Unsere Werte<\/h3>\n<\/div><ul style=\"--awb-size:22px;--awb-line-height:37.4px;--awb-icon-width:37.4px;--awb-icon-height:37.4px;--awb-icon-margin:15.4px;--awb-content-margin:52.8px;--awb-circlecolor:var(--awb-color5);--awb-circle-yes-font-size:19.36px;\" class=\"fusion-checklist fusion-checklist-1 fusion-checklist-default type-icons\"><li class=\"fusion-li-item\" style=\"\"><span class=\"icon-wrapper circle-yes\"><i class=\"fusion-li-icon fa-smile fas\" aria-hidden=\"true\"><\/i><\/span><div class=\"fusion-li-item-content\">\n<p>Wir haben Spa\u00df an und in der Arbeit.<\/p>\n<\/div><\/li><li class=\"fusion-li-item\" style=\"\"><span class=\"icon-wrapper circle-yes\"><i class=\"fusion-li-icon fa-people-arrows fas\" aria-hidden=\"true\"><\/i><\/span><div class=\"fusion-li-item-content\">\n<p>Respektvoller und wertsch\u00e4tzender Umgang innerhalb vom Team ist uns wichtig.<\/p>\n<\/div><\/li><li class=\"fusion-li-item\" style=\"\"><span class=\"icon-wrapper circle-yes\"><i class=\"fusion-li-icon fa-comments fas\" aria-hidden=\"true\"><\/i><\/span><div class=\"fusion-li-item-content\">\n<p>Wir nennen Dinge beim Namen damit wir uns weiterentwickeln.<\/p>\n<\/div><\/li><li class=\"fusion-li-item\" style=\"\"><span class=\"icon-wrapper circle-yes\"><i class=\"fusion-li-icon fa-thumbs-up fas\" aria-hidden=\"true\"><\/i><\/span><div class=\"fusion-li-item-content\">\n<p>Wir wollen unsere Kunden mit unserem Service positiv beeindrucken.<\/p>\n<\/div><\/li><li class=\"fusion-li-item\" style=\"\"><span class=\"icon-wrapper circle-yes\"><i class=\"fusion-li-icon fa-trophy fas\" aria-hidden=\"true\"><\/i><\/span><div class=\"fusion-li-item-content\">\n<p>Wir sind stolz auf das, was wir erreicht haben!<\/p>\n<\/div><\/li><\/ul><div class=\"fusion-text fusion-text-3\"><h3>Unsere (technischen) Werte<\/h3>\n<\/div><ul style=\"--awb-size:22px;--awb-line-height:37.4px;--awb-icon-width:37.4px;--awb-icon-height:37.4px;--awb-icon-margin:15.4px;--awb-content-margin:52.8px;--awb-circlecolor:var(--awb-color5);--awb-circle-yes-font-size:19.36px;\" class=\"fusion-checklist fusion-checklist-2 fusion-checklist-default type-icons\"><li class=\"fusion-li-item\" style=\"\"><span class=\"icon-wrapper circle-yes\"><i class=\"fusion-li-icon fa-heart fas\" aria-hidden=\"true\"><\/i><\/span><div class=\"fusion-li-item-content\">\n<p>K\u00fcnstliche Intelligenz ist unsere Leidenschaft<\/p>\n<\/div><\/li><li class=\"fusion-li-item\" style=\"\"><span class=\"icon-wrapper circle-yes\"><i class=\"fusion-li-icon fa-hand-holding-heart fas\" aria-hidden=\"true\"><\/i><\/span><div class=\"fusion-li-item-content\">\n<p>Wir wertsch\u00e4tzen unsere Daten!<\/p>\n<\/div><\/li><li class=\"fusion-li-item\" style=\"\"><span class=\"icon-wrapper circle-yes\"><i class=\"fusion-li-icon fa-road fas\" aria-hidden=\"true\"><\/i><\/span><div class=\"fusion-li-item-content\">\n<p>Agilit\u00e4t weist uns den Weg durch den Innovationsdschungel.<\/p>\n<\/div><\/li><li class=\"fusion-li-item\" style=\"\"><span class=\"icon-wrapper circle-yes\"><i class=\"fusion-li-icon fa-dna fas\" aria-hidden=\"true\"><\/i><\/span><div class=\"fusion-li-item-content\">\n<p>Neueste Technologien sind Teil unserer DNA.<\/p>\n<\/div><\/li><\/ul><div class=\"fusion-text fusion-text-4\"><h3>Unsere Geschichte<\/h3>\n<p>Blumatix Intelligence GmbH wurde 2010 als Blumatix Consulting GmbH von G\u00fcnter Schwaiger, Martin Loiperdinger, Hans-Peter Haberlandner und Werner Rupp gegr\u00fcndet.<\/p>\n<p>2016 startete das Unternehmen die Produktentwicklung mit dem Ziel die <a href=\"https:\/\/www.bludelta.de\" target=\"_blank\" rel=\"noopener\">Rechnungs- und Belegerfassung (BLU DELTA)<\/a> mittels K\u00fcnstlicher Intelligenz neu zu denken. Mit der Einf\u00fchrung des Produkts wandelte sich das Unternehmen von einem projekt-orientierten Software Unternehmen zu einem reinen KI-Technologieanbieter.<\/p>\n<p>Heute verarbeitet unsere K\u00fcnstliche Intelligenz BLU DELTA j\u00e4hrlich eine 8-stellige Anzahl an Dokumente und davon einen gro\u00dfen Teil ohne manuellen Aufwand. Tausende von Unternehmen und Mitarbeitern weltweit profitieren von unserer Technologie.<\/p>\n<\/div><\/div><\/div><\/div><\/div>\n","protected":false},"excerpt":{"rendered":"","protected":false},"author":2,"featured_media":0,"parent":0,"menu_order":3000,"comment_status":"closed","ping_status":"closed","template":"100-width.php","meta":{"footnotes":""},"class_list":["post-680","page","type-page","status-publish","hentry","","de","wp-json","wp","v2","pages","680"],"yoast_head":"<!-- This site is optimized with the Yoast SEO plugin v27.2 - https:\/\/yoast.com\/product\/yoast-seo-wordpress\/ -->\n<title>\u00dcber Blumatix Intelligence - Blumatix Intelligence GmbH<\/title>\n<meta name=\"robots\" content=\"index, follow, max-snippet:-1, max-image-preview:large, max-video-preview:-1\" \/>\n<link rel=\"canonical\" href=\"https:\/\/www.blumatix.com\/de\/ueber-blumatix-intelligence\/\" \/>\n<meta property=\"og:locale\" content=\"de_DE\" \/>\n<meta property=\"og:type\" content=\"article\" \/>\n<meta property=\"og:title\" content=\"\u00dcber Blumatix Intelligence - Blumatix Intelligence GmbH\" \/>\n<meta property=\"og:url\" content=\"https:\/\/www.blumatix.com\/de\/ueber-blumatix-intelligence\/\" \/>\n<meta property=\"og:site_name\" content=\"Blumatix Intelligence GmbH\" \/>\n<meta property=\"article:modified_time\" content=\"2023-06-19T12:15:09+00:00\" \/>\n<meta name=\"twitter:card\" content=\"summary_large_image\" \/>\n<meta name=\"twitter:label1\" content=\"Gesch\u00e4tzte Lesezeit\" \/>\n\t<meta name=\"twitter:data1\" content=\"10\u00a0Minuten\" \/>\n<script type=\"application\/ld+json\" class=\"yoast-schema-graph\">{\"@context\":\"https:\/\/schema.org\",\"@graph\":[{\"@type\":\"WebPage\",\"@id\":\"https:\/\/www.blumatix.com\/de\/ueber-blumatix-intelligence\/\",\"url\":\"https:\/\/www.blumatix.com\/de\/ueber-blumatix-intelligence\/\",\"name\":\"\u00dcber Blumatix Intelligence - Blumatix Intelligence GmbH\",\"isPartOf\":{\"@id\":\"https:\/\/www.blumatix.com\/de\/#website\"},\"datePublished\":\"2023-06-06T15:04:19+00:00\",\"dateModified\":\"2023-06-19T12:15:09+00:00\",\"breadcrumb\":{\"@id\":\"https:\/\/www.blumatix.com\/de\/ueber-blumatix-intelligence\/#breadcrumb\"},\"inLanguage\":\"de\",\"potentialAction\":[{\"@type\":\"ReadAction\",\"target\":[\"https:\/\/www.blumatix.com\/de\/ueber-blumatix-intelligence\/\"]}]},{\"@type\":\"BreadcrumbList\",\"@id\":\"https:\/\/www.blumatix.com\/de\/ueber-blumatix-intelligence\/#breadcrumb\",\"itemListElement\":[{\"@type\":\"ListItem\",\"position\":1,\"name\":\"Startseite\",\"item\":\"https:\/\/www.blumatix.com\/de\/\"},{\"@type\":\"ListItem\",\"position\":2,\"name\":\"\u00dcber Blumatix Intelligence\"}]},{\"@type\":\"WebSite\",\"@id\":\"https:\/\/www.blumatix.com\/de\/#website\",\"url\":\"https:\/\/www.blumatix.com\/de\/\",\"name\":\"Blumatix Intelligence GmbH - K\u00fcnstliche Intelligenz f\u00fcr Dokumente\",\"description\":\"K\u00fcnstliche Intelligenz f\u00fcr einen weltweiten, nahtlosen Dokumentenaustausch zwischen Unternehmen\",\"publisher\":{\"@id\":\"https:\/\/www.blumatix.com\/de\/#organization\"},\"potentialAction\":[{\"@type\":\"SearchAction\",\"target\":{\"@type\":\"EntryPoint\",\"urlTemplate\":\"https:\/\/www.blumatix.com\/de\/?s={search_term_string}\"},\"query-input\":{\"@type\":\"PropertyValueSpecification\",\"valueRequired\":true,\"valueName\":\"search_term_string\"}}],\"inLanguage\":\"de\"},{\"@type\":\"Organization\",\"@id\":\"https:\/\/www.blumatix.com\/de\/#organization\",\"name\":\"Blumatix Intelligence GmbH\",\"url\":\"https:\/\/www.blumatix.com\/de\/\",\"logo\":{\"@type\":\"ImageObject\",\"inLanguage\":\"de\",\"@id\":\"https:\/\/www.blumatix.com\/de\/#\/schema\/logo\/image\/\",\"url\":\"https:\/\/www.blumatix.com\/wp-content\/uploads\/2023\/06\/Blumatix_logo_retina.gif\",\"contentUrl\":\"https:\/\/www.blumatix.com\/wp-content\/uploads\/2023\/06\/Blumatix_logo_retina.gif\",\"width\":592,\"height\":140,\"caption\":\"Blumatix Intelligence GmbH\"},\"image\":{\"@id\":\"https:\/\/www.blumatix.com\/de\/#\/schema\/logo\/image\/\"}}]}<\/script>\n<!-- \/ Yoast SEO plugin. -->","yoast_head_json":{"title":"\u00dcber Blumatix Intelligence - Blumatix Intelligence GmbH","robots":{"index":"index","follow":"follow","max-snippet":"max-snippet:-1","max-image-preview":"max-image-preview:large","max-video-preview":"max-video-preview:-1"},"canonical":"https:\/\/www.blumatix.com\/de\/ueber-blumatix-intelligence\/","og_locale":"de_DE","og_type":"article","og_title":"\u00dcber Blumatix Intelligence - Blumatix Intelligence GmbH","og_url":"https:\/\/www.blumatix.com\/de\/ueber-blumatix-intelligence\/","og_site_name":"Blumatix Intelligence GmbH","article_modified_time":"2023-06-19T12:15:09+00:00","twitter_card":"summary_large_image","twitter_misc":{"Gesch\u00e4tzte Lesezeit":"10\u00a0Minuten"},"schema":{"@context":"https:\/\/schema.org","@graph":[{"@type":"WebPage","@id":"https:\/\/www.blumatix.com\/de\/ueber-blumatix-intelligence\/","url":"https:\/\/www.blumatix.com\/de\/ueber-blumatix-intelligence\/","name":"\u00dcber Blumatix Intelligence - Blumatix Intelligence GmbH","isPartOf":{"@id":"https:\/\/www.blumatix.com\/de\/#website"},"datePublished":"2023-06-06T15:04:19+00:00","dateModified":"2023-06-19T12:15:09+00:00","breadcrumb":{"@id":"https:\/\/www.blumatix.com\/de\/ueber-blumatix-intelligence\/#breadcrumb"},"inLanguage":"de","potentialAction":[{"@type":"ReadAction","target":["https:\/\/www.blumatix.com\/de\/ueber-blumatix-intelligence\/"]}]},{"@type":"BreadcrumbList","@id":"https:\/\/www.blumatix.com\/de\/ueber-blumatix-intelligence\/#breadcrumb","itemListElement":[{"@type":"ListItem","position":1,"name":"Startseite","item":"https:\/\/www.blumatix.com\/de\/"},{"@type":"ListItem","position":2,"name":"\u00dcber Blumatix Intelligence"}]},{"@type":"WebSite","@id":"https:\/\/www.blumatix.com\/de\/#website","url":"https:\/\/www.blumatix.com\/de\/","name":"Blumatix Intelligence GmbH - K\u00fcnstliche Intelligenz f\u00fcr Dokumente","description":"K\u00fcnstliche Intelligenz f\u00fcr einen weltweiten, nahtlosen Dokumentenaustausch zwischen Unternehmen","publisher":{"@id":"https:\/\/www.blumatix.com\/de\/#organization"},"potentialAction":[{"@type":"SearchAction","target":{"@type":"EntryPoint","urlTemplate":"https:\/\/www.blumatix.com\/de\/?s={search_term_string}"},"query-input":{"@type":"PropertyValueSpecification","valueRequired":true,"valueName":"search_term_string"}}],"inLanguage":"de"},{"@type":"Organization","@id":"https:\/\/www.blumatix.com\/de\/#organization","name":"Blumatix Intelligence GmbH","url":"https:\/\/www.blumatix.com\/de\/","logo":{"@type":"ImageObject","inLanguage":"de","@id":"https:\/\/www.blumatix.com\/de\/#\/schema\/logo\/image\/","url":"https:\/\/www.blumatix.com\/wp-content\/uploads\/2023\/06\/Blumatix_logo_retina.gif","contentUrl":"https:\/\/www.blumatix.com\/wp-content\/uploads\/2023\/06\/Blumatix_logo_retina.gif","width":592,"height":140,"caption":"Blumatix Intelligence GmbH"},"image":{"@id":"https:\/\/www.blumatix.com\/de\/#\/schema\/logo\/image\/"}}]}},"_links":{"self":[{"href":"https:\/\/www.blumatix.com\/de\/wp-json\/wp\/v2\/pages\/680","targetHints":{"allow":["GET"]}}],"collection":[{"href":"https:\/\/www.blumatix.com\/de\/wp-json\/wp\/v2\/pages"}],"about":[{"href":"https:\/\/www.blumatix.com\/de\/wp-json\/wp\/v2\/types\/page"}],"author":[{"embeddable":true,"href":"https:\/\/www.blumatix.com\/de\/wp-json\/wp\/v2\/users\/2"}],"replies":[{"embeddable":true,"href":"https:\/\/www.blumatix.com\/de\/wp-json\/wp\/v2\/comments?post=680"}],"version-history":[{"count":0,"href":"https:\/\/www.blumatix.com\/de\/wp-json\/wp\/v2\/pages\/680\/revisions"}],"wp:attachment":[{"href":"https:\/\/www.blumatix.com\/de\/wp-json\/wp\/v2\/media?parent=680"}],"curies":[{"name":"wp","href":"https:\/\/api.w.org\/{rel}","templated":true}]}}